{"id":849,"date":"2019-08-23T09:58:45","date_gmt":"2019-08-23T09:58:45","guid":{"rendered":"https:\/\/qverd.com\/es2\/informacion-adicional\/"},"modified":"2020-11-09T12:19:27","modified_gmt":"2020-11-09T12:19:27","slug":"informacion-adicional","status":"publish","type":"page","link":"https:\/\/qverd.com\/es\/informacion-adicional\/","title":{"rendered":"Informaci\u00f3n adicional"},"content":{"rendered":"<p class=\"western\"><span style=\"font-size: small;\"><span lang=\"es-ES\"><b>PROTECCI\u00d3N DE DATOS PERSONALES (Informaci\u00f3n adicional)<\/b><\/span><\/span><\/p>\n<table width=\"709\" cellspacing=\"0\" cellpadding=\"2\">\n<colgroup>\n<col width=\"42\" \/>\n<col width=\"53\" \/>\n<col width=\"185\" \/>\n<col width=\"411\" \/> <\/colgroup>\n<tbody>\n<tr valign=\"top\">\n<td style=\"background: #d9d9d9;\" bgcolor=\"#d9d9d9\" width=\"42\">\n<p class=\"western\"><span style=\"color: #943841;\"><span style=\"font-size: small;\"><span lang=\"es-ES\"><b>2.0<\/b><\/span><\/span><\/span><\/p>\n<\/td>\n<td style=\"background: #d9d9d9;\" colspan=\"3\" bgcolor=\"#d9d9d9\" width=\"657\">\n<p class=\"western\"><span style=\"color: #943841;\"><span style=\"font-size: small;\"><span lang=\"es-ES\"><b>Informaci\u00f3n adicional (general)<\/b><\/span><\/span><\/span><\/p>\n<\/td>\n<\/tr>\n<tr>\n<td style=\"background: #943841;\" colspan=\"4\" valign=\"top\" bgcolor=\"#943841\" width=\"703\">\n<p class=\"western\"><span style=\"color: #ffffff;\"><span style=\"font-size: small;\"><span lang=\"es-ES\"><b>PROTECCI\u00d3N DE DATOS PERSONALES (Informaci\u00f3n adicional)<\/b><\/span><\/span><\/span><\/p>\n<\/td>\n<\/tr>\n<tr valign=\"top\">\n<td style=\"background: #e7e6e6;\" colspan=\"2\" bgcolor=\"#e7e6e6\" width=\"99\" height=\"28\">\n<p class=\"western\"><span style=\"font-size: small;\"><span lang=\"es-ES\"><b>Responsable<br \/>\ndel tratamiento<\/b><\/span><\/span><\/p>\n<\/td>\n<td style=\"background: #f2f2f2;\" bgcolor=\"#f2f2f2\" width=\"185\">\n<p class=\"western\"><span style=\"font-size: small;\"><span lang=\"es-ES\"><b>Identificaci\u00f3n y contacto del Responsable de Tratamiento. <\/b><\/span><\/span><\/p>\n<\/td>\n<td style=\"background: transparent;\" width=\"411\">\n<p class=\"western\"><span style=\"font-size: small;\"><span lang=\"es-ES\"><b>Q.VERD XXI JARDINERS, S.L.<\/b><\/span><\/span><span style=\"font-size: small;\"><span lang=\"es-ES\"><br \/>\nC\/IGNASI IGLESIES, 135 NAU 19 43206 REUS<\/span><\/span><\/p>\n<p class=\"western\"><span style=\"color: #000000;\"><span style=\"font-size: small;\">B435907280<\/span><\/span><span style=\"font-size: small;\"><span lang=\"es-ES\"><br \/>\n977300415<\/span><\/span><\/p>\n<\/td>\n<\/tr>\n<tr valign=\"top\">\n<td style=\"background: #e7e6e6;\" colspan=\"2\" rowspan=\"2\" bgcolor=\"#e7e6e6\" width=\"99\" height=\"25\">\n<p class=\"western\"><span style=\"font-size: small;\"><span lang=\"es-ES\"><b>Finalidades del tratamiento<\/b><\/span><\/span><\/p>\n<\/td>\n<td style=\"background: #f2f2f2;\" bgcolor=\"#f2f2f2\" width=\"185\">\n<p class=\"western\"><span style=\"font-size: small;\"><span lang=\"es-ES\"><b>Descripci\u00f3n del tratamiento<\/b><\/span><\/span><\/p>\n<\/td>\n<td style=\"background: #ffffff;\" bgcolor=\"#ffffff\" width=\"411\">\n<p class=\"western\"><span style=\"font-size: small;\"><span lang=\"es-ES\">Las finalidades que constan identificadas en las cl\u00e1usulas de consentimiento a pie de p\u00e1gina de cada formulario, siendo espec\u00edficas para la finalidad que se detalla. <\/span><\/span><\/p>\n<\/td>\n<\/tr>\n<tr valign=\"top\">\n<td style=\"background: #f2f2f2;\" bgcolor=\"#f2f2f2\" width=\"185\">\n<p class=\"western\"><span style=\"font-size: small;\"><span lang=\"es-ES\"><b>Per\u00edodo de conservaci\u00f3n<\/b><\/span><\/span><\/p>\n<\/td>\n<td style=\"background: #ffffff;\" bgcolor=\"#ffffff\" width=\"411\">\n<p class=\"western\"><span style=\"font-size: small;\"><span lang=\"es-ES\">La previsi\u00f3n legal que obliga a conservarlos por razones fiscales y contables, y a ponerlos a disposici\u00f3n de una entidad p\u00fablica competente. No obstante, podr\u00e1n conservarse m\u00e1s tiempo con fines de archivo hist\u00f3rico o estad\u00edstico, salvo que se ejerza oposici\u00f3n y\/o cancelaci\u00f3n.<\/span><\/span><\/p>\n<\/td>\n<\/tr>\n<tr valign=\"top\">\n<td style=\"background: #e7e6e6;\" colspan=\"2\" rowspan=\"6\" bgcolor=\"#e7e6e6\" width=\"99\">\n<p class=\"western\"><span style=\"font-size: small;\"><span lang=\"es-ES\"><b>Destinatarios<\/b><\/span><\/span><\/p>\n<\/td>\n<td style=\"background: #f2f2f2;\" bgcolor=\"#f2f2f2\" width=\"185\">\n<p class=\"western\"><span style=\"font-size: small;\"><span lang=\"es-ES\"><b>Destinatario de la cesi\u00f3n<\/b><\/span><\/span><\/p>\n<\/td>\n<td style=\"background: transparent;\" width=\"411\">\n<p class=\"western\"><span style=\"font-size: small;\"><span lang=\"es-ES\">No se prev\u00e9n cesiones de datos, excepto por previsi\u00f3n legal.<\/span><\/span><\/p>\n<\/td>\n<\/tr>\n<tr valign=\"top\">\n<td style=\"background: #f2f2f2;\" bgcolor=\"#f2f2f2\" width=\"185\">\n<p class=\"western\"><span style=\"font-size: small;\"><span lang=\"es-ES\"><b>Finalidad de la cesi\u00f3n<\/b><\/span><\/span><\/p>\n<\/td>\n<td style=\"background: transparent;\" width=\"411\">\n<p class=\"western\"><span style=\"font-size: small;\"><span lang=\"es-ES\">No se prev\u00e9 ninguna cesi\u00f3n.<\/span><\/span><\/p>\n<\/td>\n<\/tr>\n<tr valign=\"top\">\n<td style=\"background: #f2f2f2;\" bgcolor=\"#f2f2f2\" width=\"185\">\n<p class=\"western\"><span style=\"font-size: small;\"><span lang=\"es-ES\"><b>Legitimaci\u00f3n de la cesi\u00f3n<\/b><\/span><\/span><\/p>\n<\/td>\n<td style=\"background: transparent;\" width=\"411\">\n<p class=\"western\"><span style=\"font-size: small;\"><span lang=\"es-ES\">De conformidad a la base jur\u00eddica del tratamiento, en casos de obligaci\u00f3n legal, inter\u00e9s p\u00fablico o inter\u00e9s leg\u00edtimo y del consentimiento del interesado. <\/span><\/span><\/p>\n<\/td>\n<\/tr>\n<tr valign=\"top\">\n<td style=\"background: #f2f2f2;\" bgcolor=\"#f2f2f2\" width=\"185\">\n<p class=\"western\"><span style=\"font-size: small;\"><span lang=\"es-ES\"><b>Movimientos internacionales de datos<\/b><\/span><\/span><\/p>\n<\/td>\n<td style=\"background: transparent;\" width=\"411\">\n<p class=\"western\"><span style=\"font-size: small;\"><span lang=\"es-ES\">S\u00ed se producen.<\/span><\/span><\/p>\n<\/td>\n<\/tr>\n<tr valign=\"top\">\n<td style=\"background: #f2f2f2;\" bgcolor=\"#f2f2f2\" width=\"185\">\n<p class=\"western\"><span style=\"font-size: small;\"><span lang=\"es-ES\"><b>Transferencia internacional<\/b><\/span><\/span><\/p>\n<\/td>\n<td style=\"background: transparent;\" width=\"411\">\n<p class=\"western\"><span style=\"font-size: small;\"><span lang=\"es-ES\">No se producen.<\/span><\/span><\/p>\n<\/td>\n<\/tr>\n<tr valign=\"top\">\n<td style=\"background: #f2f2f2;\" bgcolor=\"#f2f2f2\" width=\"185\">\n<p class=\"western\"><span style=\"font-size: small;\"><span lang=\"es-ES\"><b>Encargados de tratamiento<\/b><\/span><\/span><\/p>\n<\/td>\n<td style=\"background: transparent;\" width=\"411\">\n<p class=\"western\"><span style=\"font-size: small;\"><span lang=\"es-ES\">Los datos podr\u00e1n ser cedidos a proveedores con acceso a datos, con quienes se formalizan las obligaciones y responsabilidades que asumen en el tratamiento de los datos, en calidad de Encargado de Tratamiento.<\/span><\/span><\/p>\n<\/td>\n<\/tr>\n<tr valign=\"top\">\n<td style=\"background: #e7e6e6;\" colspan=\"2\" rowspan=\"3\" bgcolor=\"#e7e6e6\" width=\"99\" height=\"3\">\n<p class=\"western\"><span style=\"font-size: small;\"><span lang=\"es-ES\"><b>Derechos de las personas interesadas<\/b><\/span><\/span><\/p>\n<\/td>\n<td style=\"background: #f2f2f2;\" bgcolor=\"#f2f2f2\" width=\"185\">\n<p class=\"western\"><span style=\"font-size: small;\"><span lang=\"es-ES\"><b>\u00bfQu\u00e9 derechos tiene?<\/b><\/span><\/span><\/p>\n<\/td>\n<td style=\"background: transparent;\" width=\"411\">\n<p class=\"western\"><span style=\"font-size: small;\"><span lang=\"es-ES\">Cualquier persona tiene derecho a obtener confirmaci\u00f3n sobre el tratamiento de sus datos personales.<\/span><\/span><\/p>\n<p class=\"western\"><span style=\"font-size: small;\"><span lang=\"es-ES\">Las personas interesadas tienen derecho a acceder a sus datos personales, as\u00ed como a solicitar la rectificaci\u00f3n de los datos inexactos, en su caso a solicitar su supresi\u00f3n cuando, entre otros motivos los datos ya no sean necesarios para los fines que fueron recogidos.<\/span><\/span><\/p>\n<p class=\"western\"><span style=\"font-size: small;\"><span lang=\"es-ES\">En determinadas circunstancias, los interesados podr\u00e1n solicitar la limitaci\u00f3n del tratamiento de sus datos, en cuyo caso \u00fanicamente los conservaremos para el ejercicio o la defensa de reclamaciones.<\/span><\/span><\/p>\n<p class=\"western\"><span style=\"font-size: small;\"><span lang=\"es-ES\">En determinadas circunstancias y por motivos particulares, los interesados podr\u00e1n oponerse al tratamiento de sus datos, siendo este un motivo suficiente para cesar el tratamiento, salvo por motivos leg\u00edtimos o por el ejercicio o defensa de posibles reclamaciones.<\/span><\/span><\/p>\n<\/td>\n<\/tr>\n<tr valign=\"top\">\n<td style=\"background: #f2f2f2;\" bgcolor=\"#f2f2f2\" width=\"185\">\n<p class=\"western\"><span style=\"font-size: small;\"><span lang=\"es-ES\"><b>\u00bfC\u00f3mo puede ejercitarlos?<\/b><\/span><\/span><\/p>\n<\/td>\n<td style=\"background: transparent;\" width=\"411\">\n<p class=\"western\"><span style=\"font-size: small;\"><span lang=\"es-ES\">Para ejercitar los derechos deber\u00e1 presentar un escrito en la direcci\u00f3n arriba se\u00f1alada o enviar un comunicado al correo electr\u00f3nico <\/span><\/span><span style=\"color: #0000ff;\"><u><a href=\"mailto:qverd@qverd.com\"><span style=\"font-size: small;\"><span lang=\"es-ES\">qverd@qverd.com<\/span><\/span><\/a><\/u><\/span><span style=\"font-size: small;\"><span lang=\"es-ES\"> Deber\u00e1 especificar qu\u00e9 derecho solicita le sea satisfecho y, a su vez, deber\u00e1 acompa\u00f1arlo de la fotocopia del DNI o documento identificativo equivalente. En caso de que actuara mediante representante, legal o voluntario, deber\u00e1 aportar tambi\u00e9n documento que acredite la representaci\u00f3n y el documento identificativo del mismo.<br \/>\nSi quiere disponer de un modelo para ello podr\u00e1:<br \/>\nUtilizar un modelo oficial de la AGPD: <\/span><\/span><span style=\"color: #0000ff;\"><u><a href=\"http:\/\/www.agpd.es\/\"><span style=\"font-size: small;\">http:\/\/www.agpd.es<\/span><\/a><\/u><\/span><\/p>\n<p class=\"western\" lang=\"es-ES\"><a name=\"_GoBack\"><\/a><\/p>\n<\/td>\n<\/tr>\n<tr valign=\"top\">\n<td style=\"background: #f2f2f2;\" bgcolor=\"#f2f2f2\" width=\"185\">\n<p class=\"western\"><span style=\"font-size: small;\"><span lang=\"es-ES\"><b>Posibilidad de reclamar ante la AEPD <\/b><\/span><\/span><\/p>\n<\/td>\n<td style=\"background: transparent;\" width=\"411\">\n<p class=\"western\"><a name=\"_Hlk490135351\"><\/a> <span style=\"font-size: small;\"><span lang=\"es-ES\">Asimismo, le informamos de que cuando no haya obtenido satisfacci\u00f3n en el ejercicio de sus derechos o la forma de ejercerlos podr\u00e1 presentar una reclamaci\u00f3n ante la Autoridad de Control. Si quiere conocer m\u00e1s informaci\u00f3n sobre este derecho y como ejercerlo puede dirigirse a la AGPD: <\/span><\/span><span style=\"color: #0000ff;\"><span style=\"font-size: small;\">http:\/\/www.agpd.es\/<\/span><\/span> <span style=\"font-size: small;\"><span lang=\"es-ES\">Tel. 901 100 099 i 91.266.35.17. C\/Jorge Juan,6 28001-Madrid \/ en la <\/span><\/span><span style=\"font-size: small;\">APDCAT: <\/span><span style=\"color: #0000ff;\"><u><a href=\"http:\/\/www.agpdcat.es\/\"><span style=\"font-size: small;\">http:\/\/www.agpdcat.es\/<\/span><\/a><\/u><\/span> <span style=\"font-size: small;\">Tel. 93 552 78 00 C\/ Rosell\u00f3, 214 Esc. A 1r 1A \u2013 08008 Barcelona.<\/span><\/p>\n<\/td>\n<\/tr>\n<\/tbody>\n<\/table>\n<p>&nbsp;<\/p>\n<p class=\"western\" lang=\"es-ES\" align=\"justify\"><a name=\"_Hlk36641289\"><\/a><\/p>\n","protected":false},"excerpt":{"rendered":"<p>PROTECCI\u00d3N DE DATOS PERSONALES (Informaci\u00f3n adicional) 2.0 Informaci\u00f3n adicional (general) PROTECCI\u00d3N DE DATOS PERSONALES (Informaci\u00f3n adicional) Responsable del tratamiento Identificaci\u00f3n y contacto del Responsable de Tratamiento. Q.VERD XXI JARDINERS, S.L. C\/IGNASI IGLESIES, 135 NAU 19 43206 REUS B435907280 977300415 Finalidades del tratamiento Descripci\u00f3n del tratamiento Las finalidades que constan identificadas en las cl\u00e1usulas de consentimiento [&hellip;]<\/p>\n","protected":false},"author":2,"featured_media":0,"parent":0,"menu_order":0,"comment_status":"closed","ping_status":"closed","template":"","meta":{"_et_pb_use_builder":"off","_et_pb_old_content":"","_et_gb_content_width":""},"_links":{"self":[{"href":"https:\/\/qverd.com\/es\/wp-json\/wp\/v2\/pages\/849"}],"collection":[{"href":"https:\/\/qverd.com\/es\/wp-json\/wp\/v2\/pages"}],"about":[{"href":"https:\/\/qverd.com\/es\/wp-json\/wp\/v2\/types\/page"}],"author":[{"embeddable":true,"href":"https:\/\/qverd.com\/es\/wp-json\/wp\/v2\/users\/2"}],"replies":[{"embeddable":true,"href":"https:\/\/qverd.com\/es\/wp-json\/wp\/v2\/comments?post=849"}],"version-history":[{"count":12,"href":"https:\/\/qverd.com\/es\/wp-json\/wp\/v2\/pages\/849\/revisions"}],"predecessor-version":[{"id":1393,"href":"https:\/\/qverd.com\/es\/wp-json\/wp\/v2\/pages\/849\/revisions\/1393"}],"wp:attachment":[{"href":"https:\/\/qverd.com\/es\/wp-json\/wp\/v2\/media?parent=849"}],"curies":[{"name":"wp","href":"https:\/\/api.w.org\/{rel}","templated":true}]}}